{"id":9,"date":"2019-08-06T13:24:34","date_gmt":"2019-08-06T16:24:34","guid":{"rendered":"https:\/\/acesep.com.br\/site\/?page_id=9"},"modified":"2019-09-02T17:50:32","modified_gmt":"2019-09-02T20:50:32","slug":"acesep","status":"publish","type":"page","link":"https:\/\/acesep.com.br\/site\/acesep\/","title":{"rendered":"ACESEP"},"content":{"rendered":"<p><img loading=\"lazy\" decoding=\"async\" class=\"aligncenter size-full wp-image-163\" src=\"https:\/\/acesep.com.br\/site\/wp-content\/uploads\/2019\/09\/IMG-20190822-WA0006.jpg\" alt=\"\" width=\"1280\" height=\"517\" srcset=\"https:\/\/acesep.com.br\/site\/wp-content\/uploads\/2019\/09\/IMG-20190822-WA0006.jpg 1280w, https:\/\/acesep.com.br\/site\/wp-content\/uploads\/2019\/09\/IMG-20190822-WA0006-150x61.jpg 150w, https:\/\/acesep.com.br\/site\/wp-content\/uploads\/2019\/09\/IMG-20190822-WA0006-300x121.jpg 300w, https:\/\/acesep.com.br\/site\/wp-content\/uploads\/2019\/09\/IMG-20190822-WA0006-768x310.jpg 768w, https:\/\/acesep.com.br\/site\/wp-content\/uploads\/2019\/09\/IMG-20190822-WA0006-1024x414.jpg 1024w\" sizes=\"auto, (max-width: 1280px) 100vw, 1280px\" \/><\/p>\n<p>A Associa\u00e7\u00e3o dos Clubes Sociais e Esportivos de Piracicaba e Regi\u00e3o (ACESEP) foi fundada em 1992, na cidade de Piracicaba, exercendo suas atividades estatut\u00e1rias sem nenhuma finalidade econ\u00f4mica, pol\u00edtica ou religiosa, regendo-se pela legisla\u00e7\u00e3o vigente e pelas normas do Estatuto.<\/p>\n<p>S\u00e3o objetivos da ACESEP:<\/p>\n<ul>\n<li>Congregar os clubes para defender seus direitos e interesses maiores, tratando, em conjunto, dos problemas que afetam um co-irm\u00e3o ou entidade em si;<\/li>\n<li>Coordenar a programa\u00e7\u00e3o anual das principais realiza\u00e7\u00f5es sociais e esportivas dos clubes em conjunto, evitando-se sempre que poss\u00edvel a coincid\u00eancia de datas;<\/li>\n<li>Homenagear clubes, dirigentes e esportistas, que se tornarem merecedores dessa honraria, quer na conquista de t\u00edtulos esportivos de \u00e2mbito local, estadual, nacional e internacional, assim como autoridades que se distinguirem pelo incentivo ao esporte e pelo civismo de suas realiza\u00e7\u00f5es, outorgando-lhes t\u00edtulos de Membros Honor\u00e1rios da ACESEP;<\/li>\n<li>Promover campeonatos, torneios ou festivas, das v\u00e1rias modalidades desportivas e sociais, objetivando o congra\u00e7amento dos clubes associados, e incentivando, principalmente a inf\u00e2ncia e a juventude a salutar pr\u00e1tica do esporte, procurando sempre exaltar o elevado sentimento de brasilidade;<\/li>\n<li>Apoiar e incentivar a pr\u00e1tica esportiva, colaborando para a manuten\u00e7\u00e3o ou cria\u00e7\u00e3o de ligas que possam representar condignamente os Clubes Piracicabanos, inclusive fiscalizando o perfeito funcionamento das mesmas;<\/li>\n<li>Estreitar a amizade e colabora\u00e7\u00e3o com ligas, federa\u00e7\u00f5es e entidades superiores, representativas do desporto nacional.<\/li>\n<\/ul>\n","protected":false},"excerpt":{"rendered":"<p>A Associa\u00e7\u00e3o dos Clubes Sociais e Esportivos de Piracicaba e Regi\u00e3o (ACESEP) foi fundada em 1992, na cidade de Piracicaba, exercendo suas atividades estatut\u00e1rias sem [&hellip;]<\/p>\n","protected":false},"author":1,"featured_media":0,"parent":0,"menu_order":0,"comment_status":"closed","ping_status":"closed","template":"","meta":{"_acf_changed":false,"footnotes":""},"class_list":["post-9","page","type-page","status-publish","hentry"],"acf":[],"_links":{"self":[{"href":"https:\/\/acesep.com.br\/site\/wp-json\/wp\/v2\/pages\/9","targetHints":{"allow":["GET"]}}],"collection":[{"href":"https:\/\/acesep.com.br\/site\/wp-json\/wp\/v2\/pages"}],"about":[{"href":"https:\/\/acesep.com.br\/site\/wp-json\/wp\/v2\/types\/page"}],"author":[{"embeddable":true,"href":"https:\/\/acesep.com.br\/site\/wp-json\/wp\/v2\/users\/1"}],"replies":[{"embeddable":true,"href":"https:\/\/acesep.com.br\/site\/wp-json\/wp\/v2\/comments?post=9"}],"version-history":[{"count":7,"href":"https:\/\/acesep.com.br\/site\/wp-json\/wp\/v2\/pages\/9\/revisions"}],"predecessor-version":[{"id":166,"href":"https:\/\/acesep.com.br\/site\/wp-json\/wp\/v2\/pages\/9\/revisions\/166"}],"wp:attachment":[{"href":"https:\/\/acesep.com.br\/site\/wp-json\/wp\/v2\/media?parent=9"}],"curies":[{"name":"wp","href":"https:\/\/api.w.org\/{rel}","templated":true}]}}